{"id":2918,"date":"2024-03-03T10:32:22","date_gmt":"2024-03-03T09:32:22","guid":{"rendered":"https:\/\/hotelraphaelbordighera.it\/bordighera\/"},"modified":"2025-01-29T10:16:31","modified_gmt":"2025-01-29T09:16:31","slug":"bordighera","status":"publish","type":"page","link":"https:\/\/hotelraphaelbordighera.it\/fr\/bordighera\/","title":{"rendered":""},"content":{"rendered":"<div class=\"wpb-content-wrapper\"><p>[vc_row][vc_column][vc_column_text] [\/vc_column_text][\/vc_column][\/vc_row][vc_row content_placement=\u00a0\u00bbmiddle\u00a0\u00bb css_animation=\u00a0\u00bbnone\u00a0\u00bb css=\u00a0\u00bb.vc_custom_1709462664418{background-position: center !important;background-repeat: no-repeat !important;background-size: cover !important;}\u00a0\u00bb][vc_column][vc_column_text]<\/p>\n<h1><span style=\"color: #7e2716;\"><strong>HOTEL RAPHAEL<\/strong><\/span><\/h1>\n<p>[\/vc_column_text][vc_raw_html]JTNDaW5yLWJlLXdpZGdldCUyMGFjY29tbW9kYXRpb24lM0QlMjI0ODQ1JTIyJTIwbGFuZ3VhZ2UlM0QlMjJmciUyMiUyMHZlcnRpY2FsJTNEJTIyZmFsc2UlMjIlMjBic3ZlcnNpb24lM0QlMjI0JTIyJTIwdGhlbWUlM0QlMjJpbnItZ3JlZW4lMjIlM0UlM0MlMkZpbnItYmUtd2lkZ2V0JTNF[\/vc_raw_html][\/vc_column][\/vc_row][vc_row][vc_column][vc_column_text]<\/p>\n<h1><span style=\"color: #7e2716;\"><strong>VILLE DES PALMIERS<\/strong><\/span><\/h1>\n<p>Connue sous le nom de Ville des Palmiers, Bordighera e trouve \u00e0 une demi heure de voiture de Monte Carlo. Cette chamante station baln\u00e9aire avec une vue panoramique imprenable sur la Corse et sur Monte Carlo, connut son heure de gloire \u00e0 la fin du XIX\u00e8me si\u00e8cle, quand une colonie britannique s\u2019y installa, attir\u00e9e par son microclimat tr\u00e8s doux. La pr\u00e9sence anglaise est encore marqu\u00e9e aujourd\u2019hui: les gens aiment encore d\u00e9guster le th\u00e9 dans les caf\u00e9s du centre et les rues prennent le nom de la Reine Marguerite et de Shakespare. Bordighera est la premi\u00e8re ville d\u2019Europe o\u00f9 les palmiers-dattiers ont \u00e9t\u00e9 introduits et ses habitants ont encore l\u2019honneur aujourd\u2019hui d\u2019\u00eatre les seuls \u00e0 fournir au Vatican les feuilles de palme tress\u00e9es, \u00e0 l\u2019occasion des c\u00e9r\u00e9monies pascales.[\/vc_column_text][\/vc_column][\/vc_row][vc_row][vc_column][vc_video link=\u00a0\u00bbhttps:\/\/www.youtube.com\/watch?v=R1ZrI_M__DU\u00a0\u00bb][\/vc_column][\/vc_row][vc_row][vc_column][vc_column_text]Bordighera est habit\u00e9e toute l\u2019ann\u00e9e et ne connait pas de basse saison comme d\u2019autres localit\u00e9s de la Riviera. Ses nombreux h\u00f4tels, ses charmants B&amp;B, ses excellents restaurants et sa belle promenade sur le front de mer en font le refuge id\u00e9al pour une vill\u00e9giature hivernale et le point de d\u00e9part parfait pour d\u00e9couvrir la r\u00e9gion.<\/p>\n<p>Avant de devenir une station baln\u00e9aire tr\u00e8s recherch\u00e9e, Bordighera fit son entr\u00e9e dans le monde de l\u2019art gr\u00e2ce au peintre francais Claude Monet qui y s\u00e9journa en 1884 et tomba sous le charme de sa lumi\u00e8re et de ses couleurs m\u00e9diterran\u00e9ennes. On peut tranquillement affirmer que c\u2019est pendant son s\u00e9jour sur la Riviera italienne, que Claude Monet a atteint sa maturit\u00e9 artistique et le style qui l\u2019enrichit et le rendit c\u00e9l\u00e8bre. Les jardins Moreno, que Monet a peint \u00e0 plusiers reprises pendant son s\u00e9jour \u00e0 Bordighera, n\u2019existent plus \u00e0 l\u2019inverse des nombreuses villas repr\u00e9sent\u00e9es dans ses tableaux, encore visibles aujourd\u2019hui, come Villa Garnier, demeure de l\u2019illustre architecte, concepteur du Casino de Monte Carlo et de l\u2019Op\u00e9ra Garnier de Paris, qui v\u00e9cut grande partie de sa vie \u00e0 Bordighera.[\/vc_column_text][\/vc_column][\/vc_row][vc_row][vc_column][vc_single_image image=\u00a0\u00bb2969&Prime; img_size=\u00a0\u00bbfull\u00a0\u00bb add_caption=\u00a0\u00bbyes\u00a0\u00bb onclick=\u00a0\u00bbcustom_link\u00a0\u00bb img_link_target=\u00a0\u00bb_blank\u00a0\u00bb link=\u00a0\u00bbhttps:\/\/hotelraphaelbordighera.it\/wp-content\/uploads\/2024\/03\/Bordighera-map.jpg\u00a0\u00bb][\/vc_column][\/vc_row]<\/p>\n<\/div>","protected":false},"excerpt":{"rendered":"<p>[vc_row][vc_column][vc_column_text] [\/vc_column_text][\/vc_column][\/vc_row][vc_row content_placement=\u00a0\u00bbmiddle\u00a0\u00bb css_animation=\u00a0\u00bbnone\u00a0\u00bb css=\u00a0\u00bb.vc_custom_1709462664418{background-position: center !important;background-repeat: no-repeat !important;background-size: cover !important;}\u00a0\u00bb][vc_column][vc_column_text] HOTEL RAPHAEL [\/vc_column_text][vc_raw_html]JTNDaW5yLWJlLXdpZGdldCUyMGFjY29tbW9kYXRpb24lM0QlMjI0ODQ1JTIyJTIwbGFuZ3VhZ2UlM0QlMjJmciUyMiUyMHZlcnRpY2FsJTNEJTIyZmFsc2UlMjIlMjBic3ZlcnNpb24lM0QlMjI0JTIyJTIwdGhlbWUlM0QlMjJpbnItZ3JlZW4lMjIlM0UlM0MlMkZpbnItYmUtd2lkZ2V0JTNF[\/vc_raw_html][\/vc_column][\/vc_row][vc_row][vc_column][vc_column_text] VILLE DES PALMIERS Connue sous le nom de Ville des Palmiers, Bordighera e trouve \u00e0 une demi heure de voiture de Monte Carlo. Cette chamante station baln\u00e9aire avec une vue panoramique imprenable sur la Corse et sur Monte Carlo, connut son &hellip; <\/p>\n<p class=\"link-more\"><a href=\"https:\/\/hotelraphaelbordighera.it\/fr\/bordighera\/\" class=\"more-link\">Continuer la lecture<span class=\"screen-reader-text\"> de &laquo;&nbsp;&nbsp;&raquo;<\/span><\/a><\/p>\n","protected":false},"author":1,"featured_media":0,"parent":0,"menu_order":0,"comment_status":"closed","ping_status":"closed","template":"","meta":{"_oct_exclude_from_cache":false,"footnotes":""},"_links":{"self":[{"href":"https:\/\/hotelraphaelbordighera.it\/fr\/wp-json\/wp\/v2\/pages\/2918"}],"collection":[{"href":"https:\/\/hotelraphaelbordighera.it\/fr\/wp-json\/wp\/v2\/pages"}],"about":[{"href":"https:\/\/hotelraphaelbordighera.it\/fr\/wp-json\/wp\/v2\/types\/page"}],"author":[{"embeddable":true,"href":"https:\/\/hotelraphaelbordighera.it\/fr\/wp-json\/wp\/v2\/users\/1"}],"replies":[{"embeddable":true,"href":"https:\/\/hotelraphaelbordighera.it\/fr\/wp-json\/wp\/v2\/comments?post=2918"}],"version-history":[{"count":7,"href":"https:\/\/hotelraphaelbordighera.it\/fr\/wp-json\/wp\/v2\/pages\/2918\/revisions"}],"predecessor-version":[{"id":3284,"href":"https:\/\/hotelraphaelbordighera.it\/fr\/wp-json\/wp\/v2\/pages\/2918\/revisions\/3284"}],"wp:attachment":[{"href":"https:\/\/hotelraphaelbordighera.it\/fr\/wp-json\/wp\/v2\/media?parent=2918"}],"curies":[{"name":"wp","href":"https:\/\/api.w.org\/{rel}","templated":true}]}}