{"id":2922,"date":"2024-03-03T10:32:22","date_gmt":"2024-03-03T09:32:22","guid":{"rendered":"https:\/\/hotelraphaelbordighera.it\/dove-siamo\/"},"modified":"2025-01-29T12:47:28","modified_gmt":"2025-01-29T11:47:28","slug":"dove-siamo","status":"publish","type":"page","link":"https:\/\/hotelraphaelbordighera.it\/fr\/dove-siamo\/","title":{"rendered":""},"content":{"rendered":"<div class=\"wpb-content-wrapper\"><p>[vc_row][vc_column][vc_column_text] [\/vc_column_text][\/vc_column][\/vc_row][vc_row content_placement=\u00a0\u00bbmiddle\u00a0\u00bb css_animation=\u00a0\u00bbnone\u00a0\u00bb css=\u00a0\u00bb.vc_custom_1709462664418{background-position: center !important;background-repeat: no-repeat !important;background-size: cover !important;}\u00a0\u00bb][vc_column][vc_column_text]<\/p>\n<h1><span style=\"color: #7e2716;\"><strong>HOTEL RAPHAEL<\/strong><\/span><\/h1>\n<p>[\/vc_column_text][vc_raw_html]JTNDaW5yLWJlLXdpZGdldCUyMGFjY29tbW9kYXRpb24lM0QlMjI0ODQ1JTIyJTIwbGFuZ3VhZ2UlM0QlMjJmciUyMiUyMHZlcnRpY2FsJTNEJTIyZmFsc2UlMjIlMjBic3ZlcnNpb24lM0QlMjI0JTIyJTIwdGhlbWUlM0QlMjJpbnItZ3JlZW4lMjIlM0UlM0MlMkZpbnItYmUtd2lkZ2V0JTNF[\/vc_raw_html][vc_column_text]<\/p>\n<h1><span style=\"color: #7e2716;\"><strong>APPARTEMENTS DE LUXE \u00c0 SANREMO<\/strong><\/span><\/h1>\n<p>[\/vc_column_text][vc_raw_html]JTNDaW5yLWJlLXdpZGdldCUyMGFjY29tbW9kYXRpb24lM0QlMjI0OTA0JTIyJTIwbGFuZ3VhZ2UlM0QlMjJmciUyMiUyMHZlcnRpY2FsJTNEJTIyZmFsc2UlMjIlMjBic3ZlcnNpb24lM0QlMjI0JTIyJTIwdGhlbWUlM0QlMjJpbnItZ3JlZW4lMjIlM0UlM0MlMkZpbnItYmUtd2lkZ2V0JTNF[\/vc_raw_html][\/vc_column][\/vc_row][vc_row][vc_column][vc_column_text]<\/p>\n<h1><span style=\"color: #7e2716;\"><strong>O\u00d9 SOMMES-NOUS<\/strong><\/span><\/h1>\n<p>Hotel Raphael &#8211; Via Angeli Custodi 128 &#8211; 18038 Vallecrosia (IM)<br \/>\nAppartements \u00e0 Sanremo &#8211; Hotel Raphael &#8211; Via Angeli Custodi 128 &#8211; 18038 Vallecrosia (IM)<\/p>\n<p>Trouvez vos billets de train sur <a href=\"https:\/\/www.thetrainline.com\/fr\/trains\/billet-de-train-pas-cher\" target=\"_blank\" rel=\"noopener\">Trainline<\/a>[\/vc_column_text][\/vc_column][\/vc_row][vc_row][vc_column width=\u00a0\u00bb1\/2&Prime;][vc_gmaps link=\u00a0\u00bb#E-8_JTNDaWZyYW1lJTIwc3JjJTNEJTIyaHR0cHMlM0ElMkYlMkZ3d3cuZ29vZ2xlLmNvbSUyRm1hcHMlMkZlbWJlZCUzRnBiJTNEJTIxMW0xNCUyMTFtOCUyMTFtMyUyMTFkOTIxNjYuODk3ODA0NDU2NDklMjEyZDcuNjk0MjY3MDAwMDAwMDAxJTIxM2Q0My43ODkxNCUyMTNtMiUyMTFpMTAyNCUyMTJpNzY4JTIxNGYxMy4xJTIxM20zJTIxMW0yJTIxMXMweDEyY2RmMjQ4Mjk5OGQ5NGYlMjUzQTB4ZWVmYThkYjlmZDQ4YWZiNCUyMTJzUmFwaGFlbCUyNTIwSG90ZWwlMjE1ZTAlMjEzbTIlMjExc2ZyJTIxMnNmciUyMTR2MTcxMDc1ODA2OTk2OSUyMTVtMiUyMTFzZnIlMjEyc2ZyJTIyJTIwd2lkdGglM0QlMjI2MDAlMjIlMjBoZWlnaHQlM0QlMjI0NTAlMjIlMjBzdHlsZSUzRCUyMmJvcmRlciUzQTAlM0IlMjIlMjBhbGxvd2Z1bGxzY3JlZW4lM0QlMjIlMjIlMjBsb2FkaW5nJTNEJTIybGF6eSUyMiUyMHJlZmVycmVycG9saWN5JTNEJTIybm8tcmVmZXJyZXItd2hlbi1kb3duZ3JhZGUlMjIlM0UlM0MlMkZpZnJhbWUlM0U=\u00a0\u00bb][\/vc_column][vc_column width=\u00a0\u00bb1\/2&Prime;][vc_gmaps link=\u00a0\u00bb#E-8_JTNDaWZyYW1lJTIwc3JjJTNEJTIyaHR0cHMlM0ElMkYlMkZ3d3cuZ29vZ2xlLmNvbSUyRm1hcHMlMkZlbWJlZCUzRnBiJTNEJTIxMW0xNCUyMTFtOCUyMTFtMyUyMTFkOTIxNTkuMjg0NTAwMDM5NSUyMTJkNy42OTMwODQ5OTk5OTk5OTklMjEzZDQzLjc5NDA3NyUyMTNtMiUyMTFpMTAyNCUyMTJpNzY4JTIxNGYxMy4xJTIxM20zJTIxMW0yJTIxMXMweDEyY2RmNDU1ZjdhNGYzZmIlMjUzQTB4YWViYmFiNzZhMTgwNmVhMyUyMTJzQ29yc28lMjUyMEd1Z2xpZWxtbyUyNTIwTWFyY29uaSUyNTJDJTI1MjA0MzYlMjUyQyUyNTIwMTgwMzglMjUyMFNhbnJlbW8lMjUyMElNJTIxNWUwJTIxM20yJTIxMXNmciUyMTJzZnIlMjE0djE3MTA3NTgxMDA5OTElMjE1bTIlMjExc2ZyJTIxMnNmciUyMiUyMHdpZHRoJTNEJTIyNjAwJTIyJTIwaGVpZ2h0JTNEJTIyNDUwJTIyJTIwc3R5bGUlM0QlMjJib3JkZXIlM0EwJTNCJTIyJTIwYWxsb3dmdWxsc2NyZWVuJTNEJTIyJTIyJTIwbG9hZGluZyUzRCUyMmxhenklMjIlMjByZWZlcnJlcnBvbGljeSUzRCUyMm5vLXJlZmVycmVyLXdoZW4tZG93bmdyYWRlJTIyJTNFJTNDJTJGaWZyYW1lJTNF\u00a0\u00bb][\/vc_column][\/vc_row][vc_row][vc_column][vc_column_text]L&rsquo;h\u00f4tel est situ\u00e9 dans une position strat\u00e9gique, entre les villes de Vallecrosia et Bordighera, facilement accessible depuis la gare de Bordighera : quelques minutes en voiture ou en transports en commun, ou avec une promenade panoramique au bord de la mer d&rsquo;environ 15 minutes.<\/p>\n<p>\u00c0 100 m\u00e8tres du bord de mer, vous pourrez facilement rejoindre \u00e0 pied le centre de Bordighera et de Vallecrosia, ainsi que les plages \u00e9quip\u00e9es, les restaurants et les magasins.[\/vc_column_text][\/vc_column][\/vc_row]<\/p>\n<\/div>","protected":false},"excerpt":{"rendered":"<p>[vc_row][vc_column][vc_column_text] [\/vc_column_text][\/vc_column][\/vc_row][vc_row content_placement=\u00a0\u00bbmiddle\u00a0\u00bb css_animation=\u00a0\u00bbnone\u00a0\u00bb css=\u00a0\u00bb.vc_custom_1709462664418{background-position: center !important;background-repeat: no-repeat !important;background-size: cover !important;}\u00a0\u00bb][vc_column][vc_column_text] HOTEL RAPHAEL [\/vc_column_text][vc_raw_html]JTNDaW5yLWJlLXdpZGdldCUyMGFjY29tbW9kYXRpb24lM0QlMjI0ODQ1JTIyJTIwbGFuZ3VhZ2UlM0QlMjJmciUyMiUyMHZlcnRpY2FsJTNEJTIyZmFsc2UlMjIlMjBic3ZlcnNpb24lM0QlMjI0JTIyJTIwdGhlbWUlM0QlMjJpbnItZ3JlZW4lMjIlM0UlM0MlMkZpbnItYmUtd2lkZ2V0JTNF[\/vc_raw_html][vc_column_text] APPARTEMENTS DE LUXE \u00c0 SANREMO [\/vc_column_text][vc_raw_html]JTNDaW5yLWJlLXdpZGdldCUyMGFjY29tbW9kYXRpb24lM0QlMjI0OTA0JTIyJTIwbGFuZ3VhZ2UlM0QlMjJmciUyMiUyMHZlcnRpY2FsJTNEJTIyZmFsc2UlMjIlMjBic3ZlcnNpb24lM0QlMjI0JTIyJTIwdGhlbWUlM0QlMjJpbnItZ3JlZW4lMjIlM0UlM0MlMkZpbnItYmUtd2lkZ2V0JTNF[\/vc_raw_html][\/vc_column][\/vc_row][vc_row][vc_column][vc_column_text] O\u00d9 SOMMES-NOUS Hotel Raphael &#8211; Via Angeli Custodi 128 &#8211; 18038 Vallecrosia (IM) Appartements \u00e0 Sanremo &#8211; Hotel Raphael &#8211; Via Angeli Custodi 128 &#8211; 18038 Vallecrosia (IM) Trouvez vos billets de train sur Trainline[\/vc_column_text][\/vc_column][\/vc_row][vc_row][vc_column &hellip; <\/p>\n<p class=\"link-more\"><a href=\"https:\/\/hotelraphaelbordighera.it\/fr\/dove-siamo\/\" class=\"more-link\">Continuer la lecture<span class=\"screen-reader-text\"> de &laquo;&nbsp;&nbsp;&raquo;<\/span><\/a><\/p>\n","protected":false},"author":1,"featured_media":0,"parent":0,"menu_order":0,"comment_status":"closed","ping_status":"closed","template":"","meta":{"_oct_exclude_from_cache":false,"footnotes":""},"_links":{"self":[{"href":"https:\/\/hotelraphaelbordighera.it\/fr\/wp-json\/wp\/v2\/pages\/2922"}],"collection":[{"href":"https:\/\/hotelraphaelbordighera.it\/fr\/wp-json\/wp\/v2\/pages"}],"about":[{"href":"https:\/\/hotelraphaelbordighera.it\/fr\/wp-json\/wp\/v2\/types\/page"}],"author":[{"embeddable":true,"href":"https:\/\/hotelraphaelbordighera.it\/fr\/wp-json\/wp\/v2\/users\/1"}],"replies":[{"embeddable":true,"href":"https:\/\/hotelraphaelbordighera.it\/fr\/wp-json\/wp\/v2\/comments?post=2922"}],"version-history":[{"count":12,"href":"https:\/\/hotelraphaelbordighera.it\/fr\/wp-json\/wp\/v2\/pages\/2922\/revisions"}],"predecessor-version":[{"id":3302,"href":"https:\/\/hotelraphaelbordighera.it\/fr\/wp-json\/wp\/v2\/pages\/2922\/revisions\/3302"}],"wp:attachment":[{"href":"https:\/\/hotelraphaelbordighera.it\/fr\/wp-json\/wp\/v2\/media?parent=2922"}],"curies":[{"name":"wp","href":"https:\/\/api.w.org\/{rel}","templated":true}]}}