{"id":2926,"date":"2024-03-03T10:32:22","date_gmt":"2024-03-03T09:32:22","guid":{"rendered":"https:\/\/hotelraphaelbordighera.it\/le-camere\/"},"modified":"2025-01-29T10:18:25","modified_gmt":"2025-01-29T09:18:25","slug":"le-camere","status":"publish","type":"page","link":"https:\/\/hotelraphaelbordighera.it\/fr\/le-camere\/","title":{"rendered":""},"content":{"rendered":"<div class=\"wpb-content-wrapper\"><p>[vc_row][vc_column][vc_column_text] [\/vc_column_text][\/vc_column][\/vc_row][vc_row content_placement=\u00a0\u00bbmiddle\u00a0\u00bb css_animation=\u00a0\u00bbnone\u00a0\u00bb css=\u00a0\u00bb.vc_custom_1709462664418{background-position: center !important;background-repeat: no-repeat !important;background-size: cover !important;}\u00a0\u00bb][vc_column][vc_column_text]<\/p>\n<h1><strong><span style=\"color: #7e2716;\">HOTEL RAPHAEL<\/span><\/strong><\/h1>\n<p>[\/vc_column_text][vc_raw_html]JTNDaW5yLWJlLXdpZGdldCUyMGFjY29tbW9kYXRpb24lM0QlMjI0ODQ1JTIyJTIwbGFuZ3VhZ2UlM0QlMjJmciUyMiUyMHZlcnRpY2FsJTNEJTIyZmFsc2UlMjIlMjBic3ZlcnNpb24lM0QlMjI0JTIyJTIwdGhlbWUlM0QlMjJpbnItZ3JlZW4lMjIlM0UlM0MlMkZpbnItYmUtd2lkZ2V0JTNF[\/vc_raw_html][\/vc_column][\/vc_row][vc_row][vc_column][vc_column_text]<\/p>\n<h1><strong><span style=\"color: #7e2716;\">LES CHAMBRES<\/span><\/strong><\/h1>\n<p>L&rsquo;h\u00f4tel dispose de 13 chambres, de tous types : simples, doubles, doubles, triples, quadruples, familiales et suites.<br \/>\nChaque chambre dispose de la climatisation, du wifi, d&rsquo;une t\u00e9l\u00e9vision \u00e0 \u00e9cran plat, d&rsquo;une bouilloire et d&rsquo;une salle de bain privative, d&rsquo;un set de courtoisie et d&rsquo;un s\u00e8che-cheveux.<br \/>\nLe s\u00e9jour est accompagn\u00e9 d&rsquo;un petit-d\u00e9jeuner international, avec une grande vari\u00e9t\u00e9 de produits sucr\u00e9s, sal\u00e9s et sans gluten.[\/vc_column_text][\/vc_column][\/vc_row][vc_row][vc_column][vc_column_text]<\/p>\n<h1><strong><span style=\"color: #7e2716;\">SINGOLA<\/span><\/strong><\/h1>\n<p>[\/vc_column_text][\/vc_column][\/vc_row][vc_row][vc_column][vc_column_text][\/vc_column_text][\/vc_column][\/vc_row][vc_row][vc_column][vc_column_text]La chambre simple \u00e9quip\u00e9e de climatisation, wifi, t\u00e9l\u00e9vision \u00e0 \u00e9cran plat, bouilloire et salle de bain priv\u00e9e, set de courtoisie et s\u00e8che-cheveux, dispose d&rsquo;un grand lit avec un matelas simple.[\/vc_column_text][\/vc_column][\/vc_row][vc_row][vc_column][vc_column_text]<\/p>\n<h1><strong><span style=\"color: #7e2716;\">MATRIMONIALE<\/span><\/strong><\/h1>\n<p>[\/vc_column_text][\/vc_column][\/vc_row][vc_row][vc_column][vc_column_text][\/vc_column_text][\/vc_column][\/vc_row][vc_row][vc_column][vc_column_text]La chambre double \u00e9quip\u00e9e de climatisation, wifi, t\u00e9l\u00e9vision \u00e0 \u00e9cran plat, bouilloire et salle de bain priv\u00e9e, set de courtoisie et s\u00e8che-cheveux, dispose d&rsquo;un grand lit avec un matelas double.[\/vc_column_text][\/vc_column][\/vc_row][vc_row][vc_column][vc_column_text]<\/p>\n<h1><strong><span style=\"color: #7e2716;\">DOPPIA<\/span><\/strong><\/h1>\n<p>[\/vc_column_text][\/vc_column][\/vc_row][vc_row][vc_column][vc_column_text][\/vc_column_text][\/vc_column][\/vc_row][vc_row][vc_column][vc_column_text]La chambre double accueillante et confortable, id\u00e9ale pour les voyageurs d&rsquo;affaires, est \u00e9quip\u00e9e de climatisation, wifi, t\u00e9l\u00e9vision \u00e9cran plat, bouilloire et salle de bain priv\u00e9e, set de courtoisie et s\u00e8che-cheveux, dispose de deux lits simples dans un environnement lumineux et accueillant.[\/vc_column_text][\/vc_column][\/vc_row][vc_row][vc_column][vc_column_text]<\/p>\n<h1><strong><span style=\"color: #7e2716;\">TRIPLA STANDARD\/ DELUXE<\/span><\/strong><\/h1>\n<p>[\/vc_column_text][\/vc_column][\/vc_row][vc_row][vc_column][vc_column_text][\/vc_column_text][\/vc_column][\/vc_row][vc_row][vc_column][vc_column_text]La chambre triple id\u00e9ale est \u00e9quip\u00e9e de climatisation, wifi, TV \u00e9cran plat, bouilloire et salle de bain priv\u00e9e, set de courtoisie et s\u00e8che-cheveux, elle peut avoir un lit double flanqu\u00e9 d&rsquo;un lit simple, id\u00e9ale pour les familles avec un enfant ou trois lits simples.[\/vc_column_text][\/vc_column][\/vc_row][vc_row][vc_column][vc_column_text]<\/p>\n<h1><strong><span style=\"color: #7e2716;\">QUADRUPLA<\/span><\/strong><\/h1>\n<p>[\/vc_column_text][\/vc_column][\/vc_row][vc_row][vc_column][vc_column_text][\/vc_column_text][\/vc_column][\/vc_row][vc_row][vc_column][vc_column_text]La chambre quadruple est \u00e9quip\u00e9e de climatisation, wifi, TV \u00e9cran plat, bouilloire et salle de bain priv\u00e9e, set de courtoisie et s\u00e8che-cheveux, dispose d&rsquo;un lit double \u00e0 c\u00f4t\u00e9 d&rsquo;un lit superpos\u00e9 avec \u00e9chelle et barre, ou de deux lits simples \u00e0 c\u00f4t\u00e9 du lit double. .[\/vc_column_text][\/vc_column][\/vc_row][vc_row][vc_column][vc_column_text]<\/p>\n<h1><strong><span style=\"color: #7e2716;\">QUADRUPLA DELUXE<\/span><\/strong><\/h1>\n<p>[\/vc_column_text][\/vc_column][\/vc_row][vc_row][vc_column][vc_column_text][\/vc_column_text][\/vc_column][\/vc_row][vc_row][vc_column][vc_column_text]La chambre familiale est \u00e9quip\u00e9e de la climatisation, du wifi, d&rsquo;une t\u00e9l\u00e9vision \u00e0 \u00e9cran plat, d&rsquo;une bouilloire et d&rsquo;une salle de bain priv\u00e9e, d&rsquo;un set de courtoisie et d&rsquo;un s\u00e8che-cheveux. Elle dispose d&rsquo;un deux chambres avec un lit double divis\u00e9 par une porte, \u00e0 l&rsquo;ext\u00e9rieur duquel se trouvent deux lits simples ; id\u00e9al pour ceux qui voyagent en famille mais qui aiment l&rsquo;intimit\u00e9 et les grands espaces.[\/vc_column_text][\/vc_column][\/vc_row][vc_row][vc_column][vc_column_text]<\/p>\n<h1><strong><span style=\"color: #7e2716;\">FAMILIARE<\/span><\/strong><\/h1>\n<p>[\/vc_column_text][\/vc_column][\/vc_row][vc_row][vc_column][vc_column_text][\/vc_column_text][\/vc_column][\/vc_row][vc_row][vc_column][vc_column_text]La chambre familiale est \u00e9quip\u00e9e de climatisation, wifi, TV \u00e9cran plat, bouilloire et salle de bain priv\u00e9e, set de courtoisie et s\u00e8che-cheveux, elle dispose d&rsquo;un deux pi\u00e8ces avec un lit double divis\u00e9 par une porte, \u00e0 l&rsquo;ext\u00e9rieur duquel se trouvent un lit superpos\u00e9 et un lit simple. ; id\u00e9al pour ceux qui voyagent en famille mais qui aiment l&rsquo;intimit\u00e9 et les grands espaces.[\/vc_column_text][\/vc_column][\/vc_row][vc_row][vc_column][vc_column_text]<\/p>\n<h1><strong><span style=\"color: #7e2716;\">FAMILIARE STANDARD<\/span><\/strong><\/h1>\n<p>[\/vc_column_text][\/vc_column][\/vc_row][vc_row][vc_column][vc_column_text][\/vc_column_text][\/vc_column][\/vc_row][vc_row][vc_column][vc_column_text]La chambre familiale est \u00e9quip\u00e9e de climatisation, wifi, TV \u00e9cran plat, bouilloire et salle de bain priv\u00e9e, set de courtoisie et s\u00e8che-cheveux, elle dispose d&rsquo;un deux pi\u00e8ces avec un lit double divis\u00e9 par une porte, \u00e0 l&rsquo;ext\u00e9rieur duquel se trouvent deux lits superpos\u00e9s ; id\u00e9al pour ceux qui voyagent en famille mais qui aiment l&rsquo;intimit\u00e9 et les grands espaces.[\/vc_column_text][\/vc_column][\/vc_row][vc_row][vc_column][vc_column_text]<\/p>\n<h1><strong><span style=\"color: #7e2716;\">SUITE<\/span><\/strong><\/h1>\n<p>[\/vc_column_text][\/vc_column][\/vc_row][vc_row][vc_column][vc_column_text][\/vc_column_text][\/vc_column][\/vc_row][vc_row][vc_column][vc_column_text]La suite est \u00e9quip\u00e9e de climatisation, wifi, TV \u00e9cran plat, bouilloire et salle de bain priv\u00e9e, set de courtoisie et s\u00e8che-cheveux, dispose d&rsquo;un lit double dans une chambre avec porte, qui donne sur un salon, canap\u00e9 et espace d\u00e9tente, id\u00e9al pour ceux qui veulent accordez-vous des moments de s\u00e9r\u00e9nit\u00e9.[\/vc_column_text][\/vc_column][\/vc_row]<\/p>\n<\/div>","protected":false},"excerpt":{"rendered":"<p>[vc_row][vc_column][vc_column_text] [\/vc_column_text][\/vc_column][\/vc_row][vc_row content_placement=\u00a0\u00bbmiddle\u00a0\u00bb css_animation=\u00a0\u00bbnone\u00a0\u00bb css=\u00a0\u00bb.vc_custom_1709462664418{background-position: center !important;background-repeat: no-repeat !important;background-size: cover !important;}\u00a0\u00bb][vc_column][vc_column_text] HOTEL RAPHAEL [\/vc_column_text][vc_raw_html]JTNDaW5yLWJlLXdpZGdldCUyMGFjY29tbW9kYXRpb24lM0QlMjI0ODQ1JTIyJTIwbGFuZ3VhZ2UlM0QlMjJmciUyMiUyMHZlcnRpY2FsJTNEJTIyZmFsc2UlMjIlMjBic3ZlcnNpb24lM0QlMjI0JTIyJTIwdGhlbWUlM0QlMjJpbnItZ3JlZW4lMjIlM0UlM0MlMkZpbnItYmUtd2lkZ2V0JTNF[\/vc_raw_html][\/vc_column][\/vc_row][vc_row][vc_column][vc_column_text] LES CHAMBRES L&rsquo;h\u00f4tel dispose de 13 chambres, de tous types : simples, doubles, doubles, triples, quadruples, familiales et suites. Chaque chambre dispose de la climatisation, du wifi, d&rsquo;une t\u00e9l\u00e9vision \u00e0 \u00e9cran plat, d&rsquo;une bouilloire et d&rsquo;une salle de bain privative, d&rsquo;un &hellip; <\/p>\n<p class=\"link-more\"><a href=\"https:\/\/hotelraphaelbordighera.it\/fr\/le-camere\/\" class=\"more-link\">Continuer la lecture<span class=\"screen-reader-text\"> de &laquo;&nbsp;&nbsp;&raquo;<\/span><\/a><\/p>\n","protected":false},"author":1,"featured_media":0,"parent":0,"menu_order":0,"comment_status":"closed","ping_status":"closed","template":"","meta":{"_oct_exclude_from_cache":false,"footnotes":""},"_links":{"self":[{"href":"https:\/\/hotelraphaelbordighera.it\/fr\/wp-json\/wp\/v2\/pages\/2926"}],"collection":[{"href":"https:\/\/hotelraphaelbordighera.it\/fr\/wp-json\/wp\/v2\/pages"}],"about":[{"href":"https:\/\/hotelraphaelbordighera.it\/fr\/wp-json\/wp\/v2\/types\/page"}],"author":[{"embeddable":true,"href":"https:\/\/hotelraphaelbordighera.it\/fr\/wp-json\/wp\/v2\/users\/1"}],"replies":[{"embeddable":true,"href":"https:\/\/hotelraphaelbordighera.it\/fr\/wp-json\/wp\/v2\/comments?post=2926"}],"version-history":[{"count":7,"href":"https:\/\/hotelraphaelbordighera.it\/fr\/wp-json\/wp\/v2\/pages\/2926\/revisions"}],"predecessor-version":[{"id":3286,"href":"https:\/\/hotelraphaelbordighera.it\/fr\/wp-json\/wp\/v2\/pages\/2926\/revisions\/3286"}],"wp:attachment":[{"href":"https:\/\/hotelraphaelbordighera.it\/fr\/wp-json\/wp\/v2\/media?parent=2926"}],"curies":[{"name":"wp","href":"https:\/\/api.w.org\/{rel}","templated":true}]}}