{"id":2930,"date":"2021-09-18T10:35:44","date_gmt":"2021-09-18T08:35:44","guid":{"rendered":"https:\/\/hotelraphaelbordighera.it\/homepage\/"},"modified":"2025-01-29T13:30:01","modified_gmt":"2025-01-29T12:30:01","slug":"homepage","status":"publish","type":"page","link":"https:\/\/hotelraphaelbordighera.it\/fr\/","title":{"rendered":""},"content":{"rendered":"<div class=\"wpb-content-wrapper\"><p>[vc_row][vc_column][vc_column_text] [\/vc_column_text][vc_column_text]<\/p>\n<h1><span style=\"color: #7e2716;\"><strong>HOTEL RAPHAEL<\/strong><\/span><\/h1>\n<p>[\/vc_column_text][vc_raw_html]JTNDaW5yLWJlLXdpZGdldCUyMGFjY29tbW9kYXRpb24lM0QlMjI0ODQ1JTIyJTIwbGFuZ3VhZ2UlM0QlMjJmciUyMiUyMHZlcnRpY2FsJTNEJTIyZmFsc2UlMjIlMjBic3ZlcnNpb24lM0QlMjI0JTIyJTIwdGhlbWUlM0QlMjJpbnItZ3JlZW4lMjIlM0UlM0MlMkZpbnItYmUtd2lkZ2V0JTNF[\/vc_raw_html][vc_column_text]H\u00f4tel 3 \u00e9toiles moderne et \u00e9l\u00e9gant, r\u00e9cemment r\u00e9nov\u00e9, avec des mat\u00e9riaux de qualit\u00e9 \u00e0 faible impact environnemental, en mesure de vous offrir un s\u00e9jour agr\u00e9able, immerg\u00e9 dans une atmosph\u00e8re l\u00e9g\u00e8rement vintage et raffin\u00e9e.<\/p>\n<p>L&rsquo;h\u00f4tel occupe une position strat\u00e9gique, car il surplombe le centre-ville et se trouve \u00e0 quelques m\u00e8tres de la plage, \u00e0 seulement 18 km de Monaco et 11 km de Sanremo, et est accessible depuis les a\u00e9roports internationaux de G\u00eanes et de Nice en seulement 85km.[\/vc_column_text][vc_column_text]<\/p>\n<h1><span style=\"color: #7e2716;\"><strong>APPARTEMENTS DE LUXE \u00c0 SANREMO<\/strong><\/span><\/h1>\n<p>[\/vc_column_text][vc_raw_html]JTNDaW5yLWJlLXdpZGdldCUyMGFjY29tbW9kYXRpb24lM0QlMjI0OTA0JTIyJTIwbGFuZ3VhZ2UlM0QlMjJmciUyMiUyMHZlcnRpY2FsJTNEJTIyZmFsc2UlMjIlMjBic3ZlcnNpb24lM0QlMjI0JTIyJTIwdGhlbWUlM0QlMjJpbnItZ3JlZW4lMjIlM0UlM0MlMkZpbnItYmUtd2lkZ2V0JTNF[\/vc_raw_html][\/vc_column][\/vc_row][vc_row gap=\u00a0\u00bb30&Prime; content_placement=\u00a0\u00bbmiddle\u00a0\u00bb][vc_column css_animation=\u00a0\u00bbnone\u00a0\u00bb][vc_column_text]<\/p>\n<h1><span style=\"color: #7e2716;\"><strong>\u00c9V\u00c9NEMENTS DANS LES CINQUE VALLI<\/strong><\/span><\/h1>\n<p>[\/vc_column_text][\/vc_column][\/vc_row][vc_row][vc_column][vc_column_text]<\/p>\n<div class=\"sk-fb-event\" data-embed-id=\"27126\"><\/div>\n<p><script src='https:\/\/widgets.sociablekit.com\/facebook-page-events\/widget.js' defer><\/script>[\/vc_column_text][\/vc_column][\/vc_row]<\/p>\n<\/div>","protected":false},"excerpt":{"rendered":"<p>[vc_row][vc_column][vc_column_text] [\/vc_column_text][vc_column_text] HOTEL RAPHAEL [\/vc_column_text][vc_raw_html]JTNDaW5yLWJlLXdpZGdldCUyMGFjY29tbW9kYXRpb24lM0QlMjI0ODQ1JTIyJTIwbGFuZ3VhZ2UlM0QlMjJmciUyMiUyMHZlcnRpY2FsJTNEJTIyZmFsc2UlMjIlMjBic3ZlcnNpb24lM0QlMjI0JTIyJTIwdGhlbWUlM0QlMjJpbnItZ3JlZW4lMjIlM0UlM0MlMkZpbnItYmUtd2lkZ2V0JTNF[\/vc_raw_html][vc_column_text]H\u00f4tel 3 \u00e9toiles moderne et \u00e9l\u00e9gant, r\u00e9cemment r\u00e9nov\u00e9, avec des mat\u00e9riaux de qualit\u00e9 \u00e0 faible impact environnemental, en mesure de vous offrir un s\u00e9jour agr\u00e9able, immerg\u00e9 dans une atmosph\u00e8re l\u00e9g\u00e8rement vintage et raffin\u00e9e. L&rsquo;h\u00f4tel occupe une position strat\u00e9gique, car il surplombe le centre-ville et se trouve \u00e0 quelques m\u00e8tres de la &hellip; <\/p>\n<p class=\"link-more\"><a href=\"https:\/\/hotelraphaelbordighera.it\/fr\/\" class=\"more-link\">Continuer la lecture<span class=\"screen-reader-text\"> de &laquo;&nbsp;&nbsp;&raquo;<\/span><\/a><\/p>\n","protected":false},"author":1,"featured_media":0,"parent":0,"menu_order":0,"comment_status":"closed","ping_status":"closed","template":"","meta":{"_oct_exclude_from_cache":false,"footnotes":""},"_links":{"self":[{"href":"https:\/\/hotelraphaelbordighera.it\/fr\/wp-json\/wp\/v2\/pages\/2930"}],"collection":[{"href":"https:\/\/hotelraphaelbordighera.it\/fr\/wp-json\/wp\/v2\/pages"}],"about":[{"href":"https:\/\/hotelraphaelbordighera.it\/fr\/wp-json\/wp\/v2\/types\/page"}],"author":[{"embeddable":true,"href":"https:\/\/hotelraphaelbordighera.it\/fr\/wp-json\/wp\/v2\/users\/1"}],"replies":[{"embeddable":true,"href":"https:\/\/hotelraphaelbordighera.it\/fr\/wp-json\/wp\/v2\/comments?post=2930"}],"version-history":[{"count":13,"href":"https:\/\/hotelraphaelbordighera.it\/fr\/wp-json\/wp\/v2\/pages\/2930\/revisions"}],"predecessor-version":[{"id":3305,"href":"https:\/\/hotelraphaelbordighera.it\/fr\/wp-json\/wp\/v2\/pages\/2930\/revisions\/3305"}],"wp:attachment":[{"href":"https:\/\/hotelraphaelbordighera.it\/fr\/wp-json\/wp\/v2\/media?parent=2930"}],"curies":[{"name":"wp","href":"https:\/\/api.w.org\/{rel}","templated":true}]}}