{"id":3021,"date":"2024-03-15T07:06:57","date_gmt":"2024-03-15T06:06:57","guid":{"rendered":"https:\/\/hotelraphaelbordighera.it\/sanremo\/"},"modified":"2025-01-29T12:44:53","modified_gmt":"2025-01-29T11:44:53","slug":"sanremo","status":"publish","type":"page","link":"https:\/\/hotelraphaelbordighera.it\/fr\/sanremo\/","title":{"rendered":""},"content":{"rendered":"<div class=\"wpb-content-wrapper\"><p>[vc_row][vc_column width=\u00a0\u00bb1\/4&Prime;][\/vc_column][vc_column width=\u00a0\u00bb1\/2&Prime;][vc_column_text] [\/vc_column_text][\/vc_column][vc_column width=\u00a0\u00bb1\/4&Prime;][\/vc_column][\/vc_row][vc_row][vc_column][vc_column_text]<\/p>\n<h1><span style=\"color: #7e2716;\"><strong>APPARTEMENTS DE LUXE \u00c0 SANREMO<\/strong><\/span><\/h1>\n<p>[\/vc_column_text][vc_raw_html]JTNDaW5yLWJlLXdpZGdldCUyMGFjY29tbW9kYXRpb24lM0QlMjI0OTA0JTIyJTIwbGFuZ3VhZ2UlM0QlMjJmciUyMiUyMHZlcnRpY2FsJTNEJTIyZmFsc2UlMjIlMjBic3ZlcnNpb24lM0QlMjI0JTIyJTIwdGhlbWUlM0QlMjJpbnItZ3JlZW4lMjIlM0UlM0MlMkZpbnItYmUtd2lkZ2V0JTNF[\/vc_raw_html][vc_column_text]<\/p>\n<h2 data-sourcepos=\"1:1-1:48\">Offrez-vous un s\u00e9jour inoubliable \u00e0 Sanremo !<\/h2>\n<p data-sourcepos=\"3:1-3:103\"><strong>Nos appartements, parfaits pour des escapades courtes ou longues, vous accueillent \u00e9t\u00e9 comme hiver.<\/strong><\/p>\n<p data-sourcepos=\"5:1-5:114\">Situ\u00e9s au rez-de-chauss\u00e9e, ils disposent chacun d&rsquo;un coin cuisine\/salon, d&rsquo;un coin chambre et d&rsquo;une salle de bain.<\/p>\n<p data-sourcepos=\"7:1-7:31\"><strong>\u00c9quip\u00e9s pour votre confort:<\/strong><\/p>\n<ul data-sourcepos=\"9:1-13:0\">\n<li data-sourcepos=\"9:1-9:12\">T\u00e9l\u00e9vision<\/li>\n<li data-sourcepos=\"10:1-10:23\">Ustensiles de cuisine<\/li>\n<li data-sourcepos=\"11:1-11:38\">Linge de maison et kit de courtoisie<\/li>\n<li data-sourcepos=\"12:1-13:0\">&#8230; Tout pour un s\u00e9jour sans soucis !<\/li>\n<\/ul>\n<p data-sourcepos=\"14:1-14:62\"><strong>D\u00e9couvrez Sanremo, joyau de la Riviera ligure occidentale.<\/strong><\/p>\n<p data-sourcepos=\"16:1-16:119\">C\u00e9l\u00e8bre pour son Capo Nero, point culminant de la c\u00f4te, Sanremo offre des vues imprenables sur la Ligurie et la France.<\/p>\n<p data-sourcepos=\"18:1-18:17\"><strong>Profitez de :<\/strong><\/p>\n<ul data-sourcepos=\"20:1-24:0\">\n<li data-sourcepos=\"20:1-20:21\">Une mer cristalline<\/li>\n<li data-sourcepos=\"21:1-21:30\">Un climat doux toute l&rsquo;ann\u00e9e<\/li>\n<li data-sourcepos=\"22:1-22:32\">La proximit\u00e9 de la C\u00f4te d&rsquo;Azur<\/li>\n<li data-sourcepos=\"23:1-24:0\">Une multitude d&rsquo;\u00e9v\u00e9nements culturels, baln\u00e9aires et culinaires<\/li>\n<\/ul>\n<p data-sourcepos=\"25:1-25:83\"><strong>Sanremo, une destination id\u00e9ale pour se d\u00e9tendre et profiter de la Dolce Vita !<\/strong><\/p>\n<p data-sourcepos=\"27:1-27:60\"><strong>N&rsquo;attendez plus, r\u00e9servez votre s\u00e9jour d\u00e8s aujourd&rsquo;hui !<\/strong><\/p>\n<p>[\/vc_column_text][\/vc_column][\/vc_row]<\/p>\n<\/div>","protected":false},"excerpt":{"rendered":"<p>[vc_row][vc_column width=\u00a0\u00bb1\/4&Prime;][\/vc_column][vc_column width=\u00a0\u00bb1\/2&Prime;][vc_column_text] [\/vc_column_text][\/vc_column][vc_column width=\u00a0\u00bb1\/4&Prime;][\/vc_column][\/vc_row][vc_row][vc_column][vc_column_text] APPARTEMENTS DE LUXE \u00c0 SANREMO [\/vc_column_text][vc_raw_html]JTNDaW5yLWJlLXdpZGdldCUyMGFjY29tbW9kYXRpb24lM0QlMjI0OTA0JTIyJTIwbGFuZ3VhZ2UlM0QlMjJmciUyMiUyMHZlcnRpY2FsJTNEJTIyZmFsc2UlMjIlMjBic3ZlcnNpb24lM0QlMjI0JTIyJTIwdGhlbWUlM0QlMjJpbnItZ3JlZW4lMjIlM0UlM0MlMkZpbnItYmUtd2lkZ2V0JTNF[\/vc_raw_html][vc_column_text] Offrez-vous un s\u00e9jour inoubliable \u00e0 Sanremo ! Nos appartements, parfaits pour des escapades courtes ou longues, vous accueillent \u00e9t\u00e9 comme hiver. Situ\u00e9s au rez-de-chauss\u00e9e, ils disposent chacun d&rsquo;un coin cuisine\/salon, d&rsquo;un coin chambre et d&rsquo;une salle de bain. \u00c9quip\u00e9s pour votre confort: T\u00e9l\u00e9vision Ustensiles &hellip; <\/p>\n<p class=\"link-more\"><a href=\"https:\/\/hotelraphaelbordighera.it\/fr\/sanremo\/\" class=\"more-link\">Continuer la lecture<span class=\"screen-reader-text\"> de &laquo;&nbsp;&nbsp;&raquo;<\/span><\/a><\/p>\n","protected":false},"author":1,"featured_media":0,"parent":0,"menu_order":0,"comment_status":"closed","ping_status":"closed","template":"","meta":{"_oct_exclude_from_cache":false,"footnotes":""},"_links":{"self":[{"href":"https:\/\/hotelraphaelbordighera.it\/fr\/wp-json\/wp\/v2\/pages\/3021"}],"collection":[{"href":"https:\/\/hotelraphaelbordighera.it\/fr\/wp-json\/wp\/v2\/pages"}],"about":[{"href":"https:\/\/hotelraphaelbordighera.it\/fr\/wp-json\/wp\/v2\/types\/page"}],"author":[{"embeddable":true,"href":"https:\/\/hotelraphaelbordighera.it\/fr\/wp-json\/wp\/v2\/users\/1"}],"replies":[{"embeddable":true,"href":"https:\/\/hotelraphaelbordighera.it\/fr\/wp-json\/wp\/v2\/comments?post=3021"}],"version-history":[{"count":11,"href":"https:\/\/hotelraphaelbordighera.it\/fr\/wp-json\/wp\/v2\/pages\/3021\/revisions"}],"predecessor-version":[{"id":3299,"href":"https:\/\/hotelraphaelbordighera.it\/fr\/wp-json\/wp\/v2\/pages\/3021\/revisions\/3299"}],"wp:attachment":[{"href":"https:\/\/hotelraphaelbordighera.it\/fr\/wp-json\/wp\/v2\/media?parent=3021"}],"curies":[{"name":"wp","href":"https:\/\/api.w.org\/{rel}","templated":true}]}}